{"id":25,"date":"2022-02-25T15:21:32","date_gmt":"2022-02-25T15:21:32","guid":{"rendered":"http:\/\/www.phmikkonen.fi\/?page_id=25"},"modified":"2022-02-25T15:21:32","modified_gmt":"2022-02-25T15:21:32","slug":"sahkon-laatu-ja-kunnossapito","status":"publish","type":"page","link":"https:\/\/www.phmikkonen.fi\/?page_id=25","title":{"rendered":"S\u00e4hk\u00f6n laatu ja kunnossapito"},"content":{"rendered":"\n<p>Vilkkuuko valot, toimiiko s\u00e4hk\u00f6laitteet oudosti, syy on selvitett\u00e4v\u00e4. Lis\u00e4\u00e4ntynyt elektroniikka heikent\u00e4\u00e4 s\u00e4hk\u00f6n laatua, jolloin mahdollisten suodattimien asentaminen verkkoon tulee kysymykseen.&nbsp; Verkkoyhti\u00f6 on korvausvelvollinen, jos verkkopalvelussa on ollut virhe kuten esimerkiksi nollavika tai pitk\u00e4aikainen yli-\/alij\u00e4nnite, joka on vaurioittanut laitteita. Laadun toteen n\u00e4ytt\u00e4minen mittauksilla on helposti toteutettavissa.<\/p>\n\n\n\n<p>Tarjoamme s\u00e4hk\u00f6nlaatu mittauksia ja analysointeja SFS-EN50160 standardin mukaisesti.<\/p>\n\n\n\n<p>Mittaukseen sis\u00e4ltyy mm.:<\/p>\n\n\n\n<ul><li>loistehon ja kompensoinnin tarve<\/li><li>V\u00e4lkynt\u00e4<\/li><li>Kuormitukset<\/li><li>Harmoniset yliaallot<\/li><\/ul>\n","protected":false},"excerpt":{"rendered":"<p>Vilkkuuko valot, toimiiko s\u00e4hk\u00f6laitteet oudosti, syy on selvitett\u00e4v\u00e4. Lis\u00e4\u00e4ntynyt elektroniikka heikent\u00e4\u00e4 s\u00e4hk\u00f6n laatua, jolloin mahdollisten suodattimien asentaminen verkkoon tulee kysymykseen.&nbsp; Verkkoyhti\u00f6 on korvausvelvollinen, jos verkkopalvelussa on ollut virhe kuten esimerkiksi nollavika tai pitk\u00e4aikainen yli-\/alij\u00e4nnite, joka on vaurioittanut laitteita. Laadun toteen n\u00e4ytt\u00e4minen mittauksilla on helposti toteutettavissa. Tarjoamme s\u00e4hk\u00f6nlaatu mittauksia ja analysointeja SFS-EN50160 standardin mukaisesti. Mittaukseen sis\u00e4ltyy&hellip;&nbsp;<a href=\"https:\/\/www.phmikkonen.fi\/?page_id=25\" class=\"\" rel=\"bookmark\">Lue lis\u00e4\u00e4 &raquo;<span class=\"screen-reader-text\">S\u00e4hk\u00f6n laatu ja kunnossapito<\/span><\/a><\/p>\n","protected":false},"author":1,"featured_media":0,"parent":0,"menu_order":0,"comment_status":"closed","ping_status":"closed","template":"","meta":{"neve_meta_sidebar":"","neve_meta_container":"","neve_meta_enable_content_width":"","neve_meta_content_width":0,"neve_meta_title_alignment":"","neve_meta_author_avatar":"","neve_post_elements_order":"","neve_meta_disable_header":"","neve_meta_disable_footer":"","neve_meta_disable_title":"","_ti_tpc_template_sync":false,"_ti_tpc_template_id":"","footnotes":""},"_links":{"self":[{"href":"https:\/\/www.phmikkonen.fi\/index.php?rest_route=\/wp\/v2\/pages\/25"}],"collection":[{"href":"https:\/\/www.phmikkonen.fi\/index.php?rest_route=\/wp\/v2\/pages"}],"about":[{"href":"https:\/\/www.phmikkonen.fi\/index.php?rest_route=\/wp\/v2\/types\/page"}],"author":[{"embeddable":true,"href":"https:\/\/www.phmikkonen.fi\/index.php?rest_route=\/wp\/v2\/users\/1"}],"replies":[{"embeddable":true,"href":"https:\/\/www.phmikkonen.fi\/index.php?rest_route=%2Fwp%2Fv2%2Fcomments&post=25"}],"version-history":[{"count":1,"href":"https:\/\/www.phmikkonen.fi\/index.php?rest_route=\/wp\/v2\/pages\/25\/revisions"}],"predecessor-version":[{"id":26,"href":"https:\/\/www.phmikkonen.fi\/index.php?rest_route=\/wp\/v2\/pages\/25\/revisions\/26"}],"wp:attachment":[{"href":"https:\/\/www.phmikkonen.fi\/index.php?rest_route=%2Fwp%2Fv2%2Fmedia&parent=25"}],"curies":[{"name":"wp","href":"https:\/\/api.w.org\/{rel}","templated":true}]}}