{"id":23,"date":"2022-02-25T15:20:30","date_gmt":"2022-02-25T15:20:30","guid":{"rendered":"http:\/\/www.phmikkonen.fi\/?page_id=23"},"modified":"2022-02-25T15:20:30","modified_gmt":"2022-02-25T15:20:30","slug":"lampokuvaus","status":"publish","type":"page","link":"https:\/\/www.phmikkonen.fi\/?page_id=23","title":{"rendered":"L\u00e4mp\u00f6kuvaus"},"content":{"rendered":"\n<p>S\u00e4hk\u00f6 on suurin yksitt\u00e4inen syy palovahinkoihin Suomessa. Merkitt\u00e4v\u00e4 osa s\u00e4hk\u00f6paloista saa alkunsa s\u00e4hk\u00f6liitosten vikaantumisesta, n\u00e4it\u00e4 kohteita on erityisesti s\u00e4hk\u00f6keskuksissa.<\/p>\n\n\n\n<p>Palo uhkaa aina omaisuutta ja varsinkin taloyhti\u00f6iss\u00e4 pahimmillaan my\u00f6s useiden asukkaiden turvallisuutta. S\u00e4hk\u00f6laitteiston haltijan on s\u00e4hk\u00f6turvallisuuslain mukaan huolehdittava laitteiden kunnosta.<\/p>\n\n\n\n<p>T\u00e4m\u00e4 tarkoittaa k\u00e4yt\u00e4nn\u00f6ss\u00e4 kunnossapito- ja m\u00e4\u00e4r\u00e4aikaistarkastuksia, sek\u00e4 huolto- ja kunnossapito-ohjeiden noudattamista. Usean tutkimuksen mukaan yksi parhaista keinoista s\u00e4hk\u00f6turvallisuuden varmistamiseksi on s\u00e4hk\u00f6keskuksen s\u00e4\u00e4nn\u00f6llinen l\u00e4mp\u00f6kuvaus.<\/p>\n\n\n\n<p>S\u00e4hk\u00f6keskusten l\u00e4mp\u00f6kuvauksen hy\u00f6dyt:<\/p>\n\n\n\n<ul><li>S\u00e4hk\u00f6paloriskin pienent\u00e4minen<\/li><li>H\u00e4iri\u00f6iden poisto ennakoivasti.&nbsp;<\/li><li>Tulevien huoltotarpeiden kartoitus<\/li><li>Selke\u00e4 ja visuaalinen raportointi<\/li><\/ul>\n\n\n\n<p>L\u00e4mp\u00f6kuvaus raportoidaan tarkasti<\/p>\n\n\n\n<p>L\u00e4mp\u00f6kuvausraporttiin kirjataan selke\u00e4sti, toimenpiteit\u00e4 vaativat kohteet. Jokaisen l\u00e4mp\u00f6kuvan yhteyteen liitet\u00e4\u00e4n perusteelliset tiedot kuvatusta kohteesta, havainnoista ja suositeltavista toimenpiteist\u00e4. Aiempien tarkastuksien tuloksia vertaamalla, voidaan ongelmat poistaa ajoissa.<\/p>\n\n\n\n<p>Tarkastuksissa yleisimpi\u00e4 havaittuja vikoja ovat:<\/p>\n\n\n\n<ul><li>L\u00f6ys\u00e4t liitokset ja asennus- ja mitoitusvirheet<\/li><li>Kuluminen, komponenttien ik\u00e4\u00e4ntyminen<\/li><li>Ep\u00e4puhtaudet<\/li><li>Vino- ja ylikuormat.<\/li><\/ul>\n","protected":false},"excerpt":{"rendered":"<p>S\u00e4hk\u00f6 on suurin yksitt\u00e4inen syy palovahinkoihin Suomessa. Merkitt\u00e4v\u00e4 osa s\u00e4hk\u00f6paloista saa alkunsa s\u00e4hk\u00f6liitosten vikaantumisesta, n\u00e4it\u00e4 kohteita on erityisesti s\u00e4hk\u00f6keskuksissa. Palo uhkaa aina omaisuutta ja varsinkin taloyhti\u00f6iss\u00e4 pahimmillaan my\u00f6s useiden asukkaiden turvallisuutta. S\u00e4hk\u00f6laitteiston haltijan on s\u00e4hk\u00f6turvallisuuslain mukaan huolehdittava laitteiden kunnosta. T\u00e4m\u00e4 tarkoittaa k\u00e4yt\u00e4nn\u00f6ss\u00e4 kunnossapito- ja m\u00e4\u00e4r\u00e4aikaistarkastuksia, sek\u00e4 huolto- ja kunnossapito-ohjeiden noudattamista. Usean tutkimuksen mukaan yksi parhaista&hellip;&nbsp;<a href=\"https:\/\/www.phmikkonen.fi\/?page_id=23\" class=\"\" rel=\"bookmark\">Lue lis\u00e4\u00e4 &raquo;<span class=\"screen-reader-text\">L\u00e4mp\u00f6kuvaus<\/span><\/a><\/p>\n","protected":false},"author":1,"featured_media":0,"parent":0,"menu_order":0,"comment_status":"closed","ping_status":"closed","template":"","meta":{"neve_meta_sidebar":"","neve_meta_container":"","neve_meta_enable_content_width":"","neve_meta_content_width":0,"neve_meta_title_alignment":"","neve_meta_author_avatar":"","neve_post_elements_order":"","neve_meta_disable_header":"","neve_meta_disable_footer":"","neve_meta_disable_title":"","_ti_tpc_template_sync":false,"_ti_tpc_template_id":"","footnotes":""},"_links":{"self":[{"href":"https:\/\/www.phmikkonen.fi\/index.php?rest_route=\/wp\/v2\/pages\/23"}],"collection":[{"href":"https:\/\/www.phmikkonen.fi\/index.php?rest_route=\/wp\/v2\/pages"}],"about":[{"href":"https:\/\/www.phmikkonen.fi\/index.php?rest_route=\/wp\/v2\/types\/page"}],"author":[{"embeddable":true,"href":"https:\/\/www.phmikkonen.fi\/index.php?rest_route=\/wp\/v2\/users\/1"}],"replies":[{"embeddable":true,"href":"https:\/\/www.phmikkonen.fi\/index.php?rest_route=%2Fwp%2Fv2%2Fcomments&post=23"}],"version-history":[{"count":1,"href":"https:\/\/www.phmikkonen.fi\/index.php?rest_route=\/wp\/v2\/pages\/23\/revisions"}],"predecessor-version":[{"id":24,"href":"https:\/\/www.phmikkonen.fi\/index.php?rest_route=\/wp\/v2\/pages\/23\/revisions\/24"}],"wp:attachment":[{"href":"https:\/\/www.phmikkonen.fi\/index.php?rest_route=%2Fwp%2Fv2%2Fmedia&parent=23"}],"curies":[{"name":"wp","href":"https:\/\/api.w.org\/{rel}","templated":true}]}}