{"id":21,"date":"2022-02-25T15:19:59","date_gmt":"2022-02-25T15:19:59","guid":{"rendered":"http:\/\/www.phmikkonen.fi\/?page_id=21"},"modified":"2024-04-16T18:29:38","modified_gmt":"2024-04-16T18:29:38","slug":"kaytonjohtaja-palvelut","status":"publish","type":"page","link":"https:\/\/www.phmikkonen.fi\/?page_id=21","title":{"rendered":"K\u00e4yt\u00f6njohtaja palvelut"},"content":{"rendered":"\n<p>S\u00e4hk\u00f6laitteiston haltijan on nimett\u00e4v\u00e4 laitteistolle k\u00e4yt\u00f6njohtaja kun:<\/p>\n\n\n\n<ul>\n<li>S\u00e4hk\u00f6laitteistoon kuuluu yli 1000 V nimellisj\u00e4nnitteisi\u00e4 osia, esim. suurj\u00e4nnitteinen muuntamo. T\u00e4ll\u00e4 ei tarkoiteta pienj\u00e4nnitteisest\u00e4 s\u00e4hk\u00f6verkosta (\u2264 1000 V) sy\u00f6tettyj\u00e4 laitteita, joissa itsess\u00e4\u00e4n on suurj\u00e4nnite<\/li>\n\n\n\n<li>s\u00e4hk\u00f6laitteiston liittymisteho on yli 1600 kVA. T\u00e4ll\u00e4 tarkoitetaan kiinteist\u00f6n tai yhten\u00e4isen kiinteist\u00f6ryhm\u00e4n haltijan s\u00e4hk\u00f6liittymien liittymistehojen summaa.<\/li>\n<\/ul>\n\n\n\n<p class=\"has-neve-text-color-color has-text-color has-link-color wp-elements-669da36bf8f5c71b07ca93a133d0bd4a\">Tarjoamme kattavia, asiakaskohtaisesti r\u00e4\u00e4t\u00e4l\u00f6ityj\u00e4, k\u00e4yt\u00f6njohtajuus- ja kunnossapitopalveluja. Meid\u00e4n avulla pystyt varmistamaan s\u00e4hk\u00f6laitteistosi vakaan ja turvallisen k\u00e4yt\u00f6n.&nbsp; Teemme aina kirjallisen sopimuksen k\u00e4yt\u00f6njohtamisesta vastuualueineen.<\/p>\n\n\n\n<p class=\"has-neve-text-color-color has-text-color has-link-color wp-elements-c02214bf5697698fae2e43681ba4d5ab\">Elinkaarisuunnittelulla mahdollistetaan laitteiston kustannustehokas k\u00e4ytt\u00f6 ja oikea aikainen kunnossapito, tarvittaessa teemme huolto- ja kunnossapito-ohjelman kohteeseen. Osaamistamme voidaan k\u00e4ytt\u00e4\u00e4 kohteen muissakin s\u00e4hk\u00f6\u00f6n liittyviss\u00e4 asioissa esim. urakoiden kilpailutus ja valvonta.<\/p>\n","protected":false},"excerpt":{"rendered":"<p>S\u00e4hk\u00f6laitteiston haltijan on nimett\u00e4v\u00e4 laitteistolle k\u00e4yt\u00f6njohtaja kun: Tarjoamme kattavia, asiakaskohtaisesti r\u00e4\u00e4t\u00e4l\u00f6ityj\u00e4, k\u00e4yt\u00f6njohtajuus- ja kunnossapitopalveluja. Meid\u00e4n avulla pystyt varmistamaan s\u00e4hk\u00f6laitteistosi vakaan ja turvallisen k\u00e4yt\u00f6n.&nbsp; Teemme aina kirjallisen sopimuksen k\u00e4yt\u00f6njohtamisesta vastuualueineen. Elinkaarisuunnittelulla mahdollistetaan laitteiston kustannustehokas k\u00e4ytt\u00f6 ja oikea aikainen kunnossapito, tarvittaessa teemme huolto- ja kunnossapito-ohjelman kohteeseen. Osaamistamme voidaan k\u00e4ytt\u00e4\u00e4 kohteen muissakin s\u00e4hk\u00f6\u00f6n liittyviss\u00e4 asioissa esim. urakoiden kilpailutus&hellip;&nbsp;<a href=\"https:\/\/www.phmikkonen.fi\/?page_id=21\" class=\"\" rel=\"bookmark\">Lue lis\u00e4\u00e4 &raquo;<span class=\"screen-reader-text\">K\u00e4yt\u00f6njohtaja palvelut<\/span><\/a><\/p>\n","protected":false},"author":1,"featured_media":0,"parent":0,"menu_order":0,"comment_status":"closed","ping_status":"closed","template":"","meta":{"neve_meta_sidebar":"","neve_meta_container":"","neve_meta_enable_content_width":"","neve_meta_content_width":0,"neve_meta_title_alignment":"","neve_meta_author_avatar":"","neve_post_elements_order":"","neve_meta_disable_header":"","neve_meta_disable_footer":"","neve_meta_disable_title":"","_ti_tpc_template_sync":false,"_ti_tpc_template_id":"","footnotes":""},"_links":{"self":[{"href":"https:\/\/www.phmikkonen.fi\/index.php?rest_route=\/wp\/v2\/pages\/21"}],"collection":[{"href":"https:\/\/www.phmikkonen.fi\/index.php?rest_route=\/wp\/v2\/pages"}],"about":[{"href":"https:\/\/www.phmikkonen.fi\/index.php?rest_route=\/wp\/v2\/types\/page"}],"author":[{"embeddable":true,"href":"https:\/\/www.phmikkonen.fi\/index.php?rest_route=\/wp\/v2\/users\/1"}],"replies":[{"embeddable":true,"href":"https:\/\/www.phmikkonen.fi\/index.php?rest_route=%2Fwp%2Fv2%2Fcomments&post=21"}],"version-history":[{"count":2,"href":"https:\/\/www.phmikkonen.fi\/index.php?rest_route=\/wp\/v2\/pages\/21\/revisions"}],"predecessor-version":[{"id":121,"href":"https:\/\/www.phmikkonen.fi\/index.php?rest_route=\/wp\/v2\/pages\/21\/revisions\/121"}],"wp:attachment":[{"href":"https:\/\/www.phmikkonen.fi\/index.php?rest_route=%2Fwp%2Fv2%2Fmedia&parent=21"}],"curies":[{"name":"wp","href":"https:\/\/api.w.org\/{rel}","templated":true}]}}