{"id":19,"date":"2022-02-25T15:19:19","date_gmt":"2022-02-25T15:19:19","guid":{"rendered":"http:\/\/www.phmikkonen.fi\/?page_id=19"},"modified":"2022-02-25T15:19:19","modified_gmt":"2022-02-25T15:19:19","slug":"sahkourakointi-ja-suunnittelu","status":"publish","type":"page","link":"https:\/\/www.phmikkonen.fi\/?page_id=19","title":{"rendered":"S\u00e4hk\u00f6urakointi ja suunnittelu"},"content":{"rendered":"\n<p>Toteutamme kaikenkokoiset asennukset joustavasti, asiakkaan toiveen ja edun mukaisesti. Ty\u00f6t suoritetaan aina ammattitaidolla ja lopputuloksena on turvallinen ja k\u00e4ytt\u00f6varma kokonaisuus. Kokemuksemme kattaa asennukset pienj\u00e4nnitteest\u00e4 aina suurj\u00e4nnitteelle asti. Tietoverkkoihin meill\u00e4 on Seti Oy:n my\u00f6nt\u00e4m\u00e4t AT&amp;OL p\u00e4tevyydet (antenni, kuitu ja kupari tietoverkot). Suunnittelulla varmistetaan toimiva ja kustannustehokas lopputulos, kokoluokka voi olla pienist\u00e4 kohteista muuntamoihin. &nbsp;K\u00e4yt\u00f6ss\u00e4mme on ajanmukaiset Cad-suunnittelu ohjelmistot, joilla aiempien s\u00e4hk\u00f6kuvien muutokset on dokumentoitavissa ajan tasalle.<\/p>\n","protected":false},"excerpt":{"rendered":"<p>Toteutamme kaikenkokoiset asennukset joustavasti, asiakkaan toiveen ja edun mukaisesti. Ty\u00f6t suoritetaan aina ammattitaidolla ja lopputuloksena on turvallinen ja k\u00e4ytt\u00f6varma kokonaisuus. Kokemuksemme kattaa asennukset pienj\u00e4nnitteest\u00e4 aina suurj\u00e4nnitteelle asti. Tietoverkkoihin meill\u00e4 on Seti Oy:n my\u00f6nt\u00e4m\u00e4t AT&amp;OL p\u00e4tevyydet (antenni, kuitu ja kupari tietoverkot). Suunnittelulla varmistetaan toimiva ja kustannustehokas lopputulos, kokoluokka voi olla pienist\u00e4 kohteista muuntamoihin. &nbsp;K\u00e4yt\u00f6ss\u00e4mme on ajanmukaiset&hellip;&nbsp;<a href=\"https:\/\/www.phmikkonen.fi\/?page_id=19\" class=\"\" rel=\"bookmark\">Lue lis\u00e4\u00e4 &raquo;<span class=\"screen-reader-text\">S\u00e4hk\u00f6urakointi ja suunnittelu<\/span><\/a><\/p>\n","protected":false},"author":1,"featured_media":0,"parent":0,"menu_order":0,"comment_status":"closed","ping_status":"closed","template":"","meta":{"neve_meta_sidebar":"","neve_meta_container":"","neve_meta_enable_content_width":"","neve_meta_content_width":0,"neve_meta_title_alignment":"","neve_meta_author_avatar":"","neve_post_elements_order":"","neve_meta_disable_header":"","neve_meta_disable_footer":"","neve_meta_disable_title":"","_ti_tpc_template_sync":false,"_ti_tpc_template_id":"","footnotes":""},"_links":{"self":[{"href":"https:\/\/www.phmikkonen.fi\/index.php?rest_route=\/wp\/v2\/pages\/19"}],"collection":[{"href":"https:\/\/www.phmikkonen.fi\/index.php?rest_route=\/wp\/v2\/pages"}],"about":[{"href":"https:\/\/www.phmikkonen.fi\/index.php?rest_route=\/wp\/v2\/types\/page"}],"author":[{"embeddable":true,"href":"https:\/\/www.phmikkonen.fi\/index.php?rest_route=\/wp\/v2\/users\/1"}],"replies":[{"embeddable":true,"href":"https:\/\/www.phmikkonen.fi\/index.php?rest_route=%2Fwp%2Fv2%2Fcomments&post=19"}],"version-history":[{"count":1,"href":"https:\/\/www.phmikkonen.fi\/index.php?rest_route=\/wp\/v2\/pages\/19\/revisions"}],"predecessor-version":[{"id":20,"href":"https:\/\/www.phmikkonen.fi\/index.php?rest_route=\/wp\/v2\/pages\/19\/revisions\/20"}],"wp:attachment":[{"href":"https:\/\/www.phmikkonen.fi\/index.php?rest_route=%2Fwp%2Fv2%2Fmedia&parent=19"}],"curies":[{"name":"wp","href":"https:\/\/api.w.org\/{rel}","templated":true}]}}