{"id":12,"date":"2022-02-25T15:08:49","date_gmt":"2022-02-25T15:08:49","guid":{"rendered":"http:\/\/www.phmikkonen.fi\/?page_id=12"},"modified":"2024-04-19T18:18:44","modified_gmt":"2024-04-19T18:18:44","slug":"esittely","status":"publish","type":"page","link":"https:\/\/www.phmikkonen.fi\/","title":{"rendered":"\u00a0"},"content":{"rendered":"\n<figure class=\"wp-block-gallery alignfull has-nested-images columns-default is-cropped wp-block-gallery-1 is-layout-flex wp-block-gallery-is-layout-flex\">\n<figure class=\"wp-block-image size-full\"><img loading=\"lazy\" decoding=\"async\" width=\"1903\" height=\"677\" data-id=\"139\" src=\"https:\/\/www.phmikkonen.fi\/wp-content\/uploads\/2024\/04\/taustakuva4nolla_black3-1.jpg\" alt=\"\" class=\"wp-image-139\" srcset=\"https:\/\/www.phmikkonen.fi\/wp-content\/uploads\/2024\/04\/taustakuva4nolla_black3-1.jpg 1903w, https:\/\/www.phmikkonen.fi\/wp-content\/uploads\/2024\/04\/taustakuva4nolla_black3-1-300x107.jpg 300w, https:\/\/www.phmikkonen.fi\/wp-content\/uploads\/2024\/04\/taustakuva4nolla_black3-1-1024x364.jpg 1024w, https:\/\/www.phmikkonen.fi\/wp-content\/uploads\/2024\/04\/taustakuva4nolla_black3-1-768x273.jpg 768w, https:\/\/www.phmikkonen.fi\/wp-content\/uploads\/2024\/04\/taustakuva4nolla_black3-1-1536x546.jpg 1536w\" sizes=\"(max-width: 1903px) 100vw, 1903px\" \/><\/figure>\n<\/figure>\n\n\n\n<p class=\"has-text-align-left\" style=\"font-size:32px\"><strong>Vuonna perustettu 2001 perheyritys, tarjoamme kattavasti s\u00e4hk\u00f6alan palveluita, niin kotitalouksille kuin yrityksillekin.<\/strong><\/p>\n\n\n\n<p>Yrityksell\u00e4 on S1 p\u00e4tevyys, mahdollistaen kaikki s\u00e4hk\u00f6ty\u00f6t (pl. hissity\u00f6t).<\/p>\n\n\n\n<ul>\n<li>S\u00e4hk\u00f6urakointi<\/li>\n\n\n\n<li>S\u00e4hk\u00f6suunnittelu<\/li>\n\n\n\n<li>K\u00e4yt\u00f6njohtaja palvelut<\/li>\n\n\n\n<li>L\u00e4mp\u00f6kuvaukset<\/li>\n\n\n\n<li>S\u00e4hk\u00f6n laatu ja kunnossapito<\/li>\n\n\n\n<li>ATEX&nbsp; &#8211; tilojen p\u00e4tevyys<\/li>\n\n\n\n<li>Antenni- ja tietoverkkoasennukset<\/li>\n<\/ul>\n\n\n\n<h2 class=\"wp-block-heading\">S\u00e4hk\u00f6urakointi ja suunnittelu<\/h2>\n\n\n\n<p class=\"has-neve-text-color-color has-text-color\">Toteutamme kaikenkokoiset asennukset joustavasti, asiakkaan toiveen ja edun mukaisesti. Ty\u00f6t suoritetaan aina ammattitaidolla ja lopputuloksena on turvallinen ja k\u00e4ytt\u00f6varma kokonaisuus. Kokemuksemme kattaa asennukset pienj\u00e4nnitteest\u00e4 aina suurj\u00e4nnitteelle asti. Tietoverkkoihin meill\u00e4 on Seti Oy:n my\u00f6nt\u00e4m\u00e4t AT&amp;OL p\u00e4tevyydet (antenni, kuitu ja kupari tietoverkot).<\/p>\n\n\n\n<p class=\"has-neve-text-color-color has-text-color\">Suunnittelulla varmistetaan toimiva ja kustannustehokas lopputulos, kokoluokka voi olla pienist\u00e4 kohteista muuntamoihin. &nbsp;K\u00e4yt\u00f6ss\u00e4mme on ajanmukaiset Cad-suunnittelu ohjelmistot, joilla aiempien s\u00e4hk\u00f6kuvien muutokset on dokumentoitavissa ajan tasalle.<\/p>\n\n\n\n<h2 class=\"wp-block-heading\">K\u00e4yt\u00f6njohtaja palvelut<\/h2>\n\n\n\n<p class=\"has-neve-text-color-color has-text-color\">S\u00e4hk\u00f6laitteiston haltijan on nimett\u00e4v\u00e4 laitteistolle k\u00e4yt\u00f6njohtaja kun:<\/p>\n\n\n\n<ul>\n<li>S\u00e4hk\u00f6laitteistoon kuuluu yli 1000 V nimellisj\u00e4nnitteisi\u00e4 osia, esim. suurj\u00e4nnitteinen muuntamo. T\u00e4ll\u00e4 ei tarkoiteta pienj\u00e4nnitteisest\u00e4 s\u00e4hk\u00f6verkosta (\u2264 1000 V) sy\u00f6tettyj\u00e4 laitteita, joissa itsess\u00e4\u00e4n on suurj\u00e4nnite<\/li>\n\n\n\n<li>s\u00e4hk\u00f6laitteiston liittymisteho on yli 1600 kVA. T\u00e4ll\u00e4 tarkoitetaan kiinteist\u00f6n tai yhten\u00e4isen kiinteist\u00f6ryhm\u00e4n haltijan s\u00e4hk\u00f6liittymien liittymistehojen summaa.<\/li>\n<\/ul>\n\n\n\n<p class=\"has-neve-text-color-color has-text-color\">Tarjoamme kattavia, asiakaskohtaisesti r\u00e4\u00e4t\u00e4l\u00f6ityj\u00e4, k\u00e4yt\u00f6njohtajuus- ja kunnossapitopalveluja. Meid\u00e4n avulla pystyt varmistamaan s\u00e4hk\u00f6laitteistosi vakaan ja turvallisen k\u00e4yt\u00f6n.&nbsp; Teemme aina kirjallisen sopimuksen k\u00e4yt\u00f6njohtamisesta vastuualueineen.<\/p>\n\n\n\n<p class=\"has-neve-text-color-color has-text-color\">Elinkaarisuunnittelulla mahdollistetaan laitteiston kustannustehokas k\u00e4ytt\u00f6 ja oikea aikainen kunnossapito, tarvittaessa teemme huolto- ja kunnossapito-ohjelman kohteeseen. Osaamistamme voidaan k\u00e4ytt\u00e4\u00e4 kohteen muissakin s\u00e4hk\u00f6\u00f6n liittyviss\u00e4 asioissa esim. urakoiden kilpailutus ja valvonta.<\/p>\n\n\n\n<h2 class=\"wp-block-heading\">L\u00e4mp\u00f6kuvaus<\/h2>\n\n\n\n<p class=\"has-neve-text-color-color has-text-color\">S\u00e4hk\u00f6 on suurin yksitt\u00e4inen syy palovahinkoihin Suomessa. Merkitt\u00e4v\u00e4 osa s\u00e4hk\u00f6paloista saa alkunsa s\u00e4hk\u00f6liitosten vikaantumisesta, n\u00e4it\u00e4 kohteita on erityisesti s\u00e4hk\u00f6keskuksissa.<\/p>\n\n\n\n<p class=\"has-neve-text-color-color has-text-color\">Palo uhkaa aina omaisuutta ja varsinkin taloyhti\u00f6iss\u00e4 pahimmillaan my\u00f6s useiden asukkaiden turvallisuutta. S\u00e4hk\u00f6laitteiston haltijan on s\u00e4hk\u00f6turvallisuuslain mukaan huolehdittava laitteiden kunnosta.<\/p>\n\n\n\n<p class=\"has-neve-text-color-color has-text-color\">T\u00e4m\u00e4 tarkoittaa k\u00e4yt\u00e4nn\u00f6ss\u00e4 kunnossapito- ja m\u00e4\u00e4r\u00e4aikaistarkastuksia, sek\u00e4 huolto- ja kunnossapito-ohjeiden noudattamista. Usean tutkimuksen mukaan yksi parhaista keinoista s\u00e4hk\u00f6turvallisuuden varmistamiseksi on s\u00e4hk\u00f6keskuksen s\u00e4\u00e4nn\u00f6llinen l\u00e4mp\u00f6kuvaus.<\/p>\n\n\n\n<p class=\"has-neve-text-color-color has-text-color\">S\u00e4hk\u00f6keskusten l\u00e4mp\u00f6kuvauksen hy\u00f6dyt:<\/p>\n\n\n\n<ul>\n<li>S\u00e4hk\u00f6paloriskin pienent\u00e4minen<\/li>\n\n\n\n<li>H\u00e4iri\u00f6iden poisto ennakoivasti.&nbsp;<\/li>\n\n\n\n<li>Tulevien huoltotarpeiden kartoitus<\/li>\n\n\n\n<li>Selke\u00e4 ja visuaalinen raportointi<\/li>\n<\/ul>\n\n\n\n<p class=\"has-neve-text-color-color has-text-color\">L\u00e4mp\u00f6kuvaus raportoidaan tarkasti<\/p>\n\n\n\n<p class=\"has-neve-text-color-color has-text-color\">L\u00e4mp\u00f6kuvausraporttiin kirjataan selke\u00e4sti, toimenpiteit\u00e4 vaativat kohteet. Jokaisen l\u00e4mp\u00f6kuvan yhteyteen liitet\u00e4\u00e4n perusteelliset tiedot kuvatusta kohteesta, havainnoista ja suositeltavista toimenpiteist\u00e4. Aiempien tarkastuksien tuloksia vertaamalla, voidaan ongelmat poistaa ajoissa.<\/p>\n\n\n\n<p>Tarkastuksissa yleisimpi\u00e4 havaittuja vikoja ovat:<\/p>\n\n\n\n<ul>\n<li>L\u00f6ys\u00e4t liitokset ja asennus- ja mitoitusvirheet<\/li>\n\n\n\n<li>Kuluminen, komponenttien ik\u00e4\u00e4ntyminen<\/li>\n\n\n\n<li>Ep\u00e4puhtaudet<\/li>\n\n\n\n<li>Vino- ja ylikuormat.<\/li>\n<\/ul>\n\n\n\n<h2 class=\"wp-block-heading\">S\u00e4hk\u00f6n laatu ja kunnossapito<\/h2>\n\n\n\n<p class=\"has-neve-text-color-color has-text-color\">Vilkkuuko valot, toimiiko s\u00e4hk\u00f6laitteet oudosti, syy on selvitett\u00e4v\u00e4. Lis\u00e4\u00e4ntynyt elektroniikka heikent\u00e4\u00e4 s\u00e4hk\u00f6n laatua, jolloin mahdollisten suodattimien asentaminen verkkoon tulee kysymykseen.&nbsp; Verkkoyhti\u00f6 on korvausvelvollinen, jos verkkopalvelussa on ollut virhe kuten esimerkiksi nollavika tai pitk\u00e4aikainen yli-\/alij\u00e4nnite, joka on vaurioittanut laitteita. Laadun toteen n\u00e4ytt\u00e4minen mittauksilla on helposti toteutettavissa.<\/p>\n\n\n\n<p class=\"has-neve-text-color-color has-text-color\">Tarjoamme s\u00e4hk\u00f6nlaatu mittauksia ja analysointeja SFS-EN50160 standardin mukaisesti.<\/p>\n\n\n\n<p>Mittaukseen sis\u00e4ltyy mm.:<\/p>\n\n\n\n<ul>\n<li>loistehon ja kompensoinnin tarve<\/li>\n\n\n\n<li>V\u00e4lkynt\u00e4<\/li>\n\n\n\n<li>Kuormitukset<\/li>\n\n\n\n<li>Harmoniset yliaallot<\/li>\n<\/ul>\n","protected":false},"excerpt":{"rendered":"<p>Vuonna perustettu 2001 perheyritys, tarjoamme kattavasti s\u00e4hk\u00f6alan palveluita, niin kotitalouksille kuin yrityksillekin. Yrityksell\u00e4 on S1 p\u00e4tevyys, mahdollistaen kaikki s\u00e4hk\u00f6ty\u00f6t (pl. hissity\u00f6t). S\u00e4hk\u00f6urakointi ja suunnittelu Toteutamme kaikenkokoiset asennukset joustavasti, asiakkaan toiveen ja edun mukaisesti. Ty\u00f6t suoritetaan aina ammattitaidolla ja lopputuloksena on turvallinen ja k\u00e4ytt\u00f6varma kokonaisuus. Kokemuksemme kattaa asennukset pienj\u00e4nnitteest\u00e4 aina suurj\u00e4nnitteelle asti. Tietoverkkoihin meill\u00e4 on Seti&hellip;&nbsp;<a href=\"https:\/\/www.phmikkonen.fi\/\" class=\"\" rel=\"bookmark\">Lue lis\u00e4\u00e4 &raquo;<span class=\"screen-reader-text\">\u00a0<\/span><\/a><\/p>\n","protected":false},"author":1,"featured_media":0,"parent":0,"menu_order":0,"comment_status":"closed","ping_status":"closed","template":"","meta":{"neve_meta_sidebar":"","neve_meta_container":"","neve_meta_enable_content_width":"","neve_meta_content_width":0,"neve_meta_title_alignment":"","neve_meta_author_avatar":"","neve_post_elements_order":"","neve_meta_disable_header":"","neve_meta_disable_footer":"","neve_meta_disable_title":"","_ti_tpc_template_sync":false,"_ti_tpc_template_id":"","footnotes":""},"_links":{"self":[{"href":"https:\/\/www.phmikkonen.fi\/index.php?rest_route=\/wp\/v2\/pages\/12"}],"collection":[{"href":"https:\/\/www.phmikkonen.fi\/index.php?rest_route=\/wp\/v2\/pages"}],"about":[{"href":"https:\/\/www.phmikkonen.fi\/index.php?rest_route=\/wp\/v2\/types\/page"}],"author":[{"embeddable":true,"href":"https:\/\/www.phmikkonen.fi\/index.php?rest_route=\/wp\/v2\/users\/1"}],"replies":[{"embeddable":true,"href":"https:\/\/www.phmikkonen.fi\/index.php?rest_route=%2Fwp%2Fv2%2Fcomments&post=12"}],"version-history":[{"count":17,"href":"https:\/\/www.phmikkonen.fi\/index.php?rest_route=\/wp\/v2\/pages\/12\/revisions"}],"predecessor-version":[{"id":140,"href":"https:\/\/www.phmikkonen.fi\/index.php?rest_route=\/wp\/v2\/pages\/12\/revisions\/140"}],"wp:attachment":[{"href":"https:\/\/www.phmikkonen.fi\/index.php?rest_route=%2Fwp%2Fv2%2Fmedia&parent=12"}],"curies":[{"name":"wp","href":"https:\/\/api.w.org\/{rel}","templated":true}]}}